{"id":9,"date":"2026-03-12T11:08:35","date_gmt":"2026-03-12T11:08:35","guid":{"rendered":"https:\/\/imdusaimpregnaciones.rkinformatika.online\/?page_id=9"},"modified":"2026-03-12T15:25:54","modified_gmt":"2026-03-12T15:25:54","slug":"inicio","status":"publish","type":"page","link":"https:\/\/imdusaimpregnaciones.com\/eu\/","title":{"rendered":"Hasiera"},"content":{"rendered":"<div data-elementor-type=\"wp-page\" data-elementor-id=\"9\" class=\"elementor elementor-9\" data-elementor-post-type=\"page\">\n\t\t\t\t<div class=\"elementor-element elementor-element-31b8397 e-flex e-con-boxed e-con e-parent\" data-id=\"31b8397\" data-element_type=\"container\" data-e-type=\"container\" data-settings=\"{&quot;background_background&quot;:&quot;classic&quot;}\">\n\t\t\t\t\t<div class=\"e-con-inner\">\n\t\t\t\t<div class=\"elementor-element elementor-element-669e0bf elementor-widget elementor-widget-heading\" data-id=\"669e0bf\" data-element_type=\"widget\" data-e-type=\"widget\" data-widget_type=\"heading.default\">\n\t\t\t\t\t<h2 class=\"elementor-heading-title elementor-size-default\">IMDUSA<\/h2>\t\t\t\t<\/div>\n\t\t\t\t<div class=\"elementor-element elementor-element-1db66c2 elementor-widget elementor-widget-text-editor\" data-id=\"1db66c2\" data-element_type=\"widget\" data-e-type=\"widget\" data-widget_type=\"text-editor.default\">\n\t\t\t\t\t\t\t\t\t<p>1987tik mikroporoak zigilatzen<\/p>\t\t\t\t\t\t\t\t<\/div>\n\t\t\t\t\t<\/div>\n\t\t\t\t<\/div>\n\t\t<div class=\"elementor-element elementor-element-a90a2fc e-flex e-con-boxed e-con e-parent\" data-id=\"a90a2fc\" data-element_type=\"container\" data-e-type=\"container\" data-settings=\"{&quot;background_background&quot;:&quot;classic&quot;}\">\n\t\t\t\t\t<div class=\"e-con-inner\">\n\t\t\t\t<div class=\"elementor-element elementor-element-546fc71 e-n-tabs-mobile elementor-widget elementor-widget-n-tabs\" data-id=\"546fc71\" data-element_type=\"widget\" data-e-type=\"widget\" data-settings=\"{&quot;horizontal_scroll&quot;:&quot;disable&quot;}\" data-widget_type=\"nested-tabs.default\">\n\t\t\t\t\t\t\t<div class=\"e-n-tabs\" data-widget-number=\"88538225\" aria-label=\"Tabs. Open items with Enter or Space, close with Escape and navigate using the Arrow keys.\" data-no-translation-aria-label=\"\">\n\t\t\t<div class=\"e-n-tabs-heading\" role=\"tablist\">\n\t\t\t\t\t<button id=\"e-n-tab-title-885382251\" data-tab-title-id=\"e-n-tab-title-885382251\" class=\"e-n-tab-title\" aria-selected=\"true\" data-tab-index=\"1\" role=\"tab\" tabindex=\"0\" aria-controls=\"e-n-tab-content-885382251\" style=\"--n-tabs-title-order: 1;\">\n\t\t\t\t\t\t<span class=\"e-n-tab-title-text\">\n\t\t\t\tGure jarduera\t\t\t<\/span>\n\t\t<\/button>\n\t\t\t\t<button id=\"e-n-tab-title-885382252\" data-tab-title-id=\"e-n-tab-title-885382252\" class=\"e-n-tab-title\" aria-selected=\"false\" data-tab-index=\"2\" role=\"tab\" tabindex=\"-1\" aria-controls=\"e-n-tab-content-885382252\" style=\"--n-tabs-title-order: 2;\">\n\t\t\t\t\t\t<span class=\"e-n-tab-title-text\">\n\t\t\t\tNor gara?\t\t\t<\/span>\n\t\t<\/button>\n\t\t\t\t\t<\/div>\n\t\t\t<div class=\"e-n-tabs-content\">\n\t\t\t\t<div id=\"e-n-tab-content-885382251\" role=\"tabpanel\" aria-labelledby=\"e-n-tab-title-885382251\" data-tab-index=\"1\" style=\"--n-tabs-title-order: 1;\" class=\"e-active elementor-element elementor-element-f73964a e-con-full e-flex e-con e-child\" data-id=\"f73964a\" data-element_type=\"container\" data-e-type=\"container\">\n\t\t<div class=\"elementor-element elementor-element-677afc6 e-flex e-con-boxed e-con e-child\" data-id=\"677afc6\" data-element_type=\"container\" data-e-type=\"container\" data-settings=\"{&quot;background_background&quot;:&quot;classic&quot;}\">\n\t\t\t\t\t<div class=\"e-con-inner\">\n\t\t\t\t<div class=\"elementor-element elementor-element-802a6a6 elementor-widget elementor-widget-text-editor\" data-id=\"802a6a6\" data-element_type=\"widget\" data-e-type=\"widget\" data-widget_type=\"text-editor.default\">\n\t\t\t\t\t\t\t\t\t<p>Gure jarduera nagusia inpregnazioa da. Imdusak Loctite Inpregnazio Sistema du, eta Loctite Inpregnaciones enpresak gainbegiratzen du prozesua.<\/p><p>Sistema horrek ekoizpen kostu osoak murrizten ditu, mikroporositateak dituzten piezak berreskuratzeko aukera ematen baitu, zigilatzearen bidez, kalitate kontrolak murriztuz, % 0ko errefusei esker, bestela baztertu egin behar baitira.<\/p>\t\t\t\t\t\t\t\t<\/div>\n\t\t\t\t\t<\/div>\n\t\t\t\t<\/div>\n\t\t\t\t<\/div>\n\t\t<div id=\"e-n-tab-content-885382252\" role=\"tabpanel\" aria-labelledby=\"e-n-tab-title-885382252\" data-tab-index=\"2\" style=\"--n-tabs-title-order: 2;\" class=\"elementor-element elementor-element-7456ca5 e-con-full e-flex e-con e-child\" data-id=\"7456ca5\" data-element_type=\"container\" data-e-type=\"container\">\n\t\t<div class=\"elementor-element elementor-element-21807f8 e-flex e-con-boxed e-con e-child\" data-id=\"21807f8\" data-element_type=\"container\" data-e-type=\"container\" data-settings=\"{&quot;background_background&quot;:&quot;classic&quot;}\">\n\t\t\t\t\t<div class=\"e-con-inner\">\n\t\t\t\t<div class=\"elementor-element elementor-element-f7ba162 elementor-widget elementor-widget-text-editor\" data-id=\"f7ba162\" data-element_type=\"widget\" data-e-type=\"widget\" data-widget_type=\"text-editor.default\">\n\t\t\t\t\t\t\t\t\t<p>Imdusa Impregnaciones Loctite\u00a0es una empresa reconocida en la industria desde 1987. Su principal actividad es la impregnaci\u00f3n.<\/p><p>Imdusa posee el\u00a0Sistema de Impregnaci\u00f3n Loctite\u00a0que permite una amplia variedad de aplicaciones en las que las microporosidades son fiablemente sellados por el proceso Loctite,entre las que destacan exitosamente componentes de automoci\u00f3n, v\u00e1lvulas hidr\u00e1ulico\/neum\u00e1tico, bombas, accesorios, etc. Partes complejas de configuraci\u00f3n complicada como bloques de motor, culatas, cajas de cambio, direcciones, componentes de freno, sistema de alta presi\u00f3n, carcasas de bombas, \u00e9mbolos, v\u00e1lvulas, etc.<\/p><p>El Sistema de Impregnaci\u00f3n Loctite permite una amplia variedad de materiales tales como las fundiciones, aceros, aleaciones de cobre: latones, bronces. Aleaciones ligeras y ultraligeras: aluminio, magnesio. Etc., obtenidos a partir de moldeo, pulvimetalurgia, etc.<\/p>\t\t\t\t\t\t\t\t<\/div>\n\t\t\t\t\t<\/div>\n\t\t\t\t<\/div>\n\t\t\t\t<\/div>\n\t\t\t\t\t<\/div>\n\t\t<\/div>\n\t\t\t\t\t\t<\/div>\n\t\t\t\t\t<\/div>\n\t\t\t\t<\/div>\n\t\t<div class=\"elementor-element elementor-element-db13f2c e-flex e-con-boxed e-con e-parent\" data-id=\"db13f2c\" data-element_type=\"container\" data-e-type=\"container\" data-settings=\"{&quot;background_background&quot;:&quot;classic&quot;}\">\n\t\t\t\t\t<div class=\"e-con-inner\">\n\t\t<div class=\"elementor-element elementor-element-bcd865a e-con-full e-flex e-con e-child\" data-id=\"bcd865a\" data-element_type=\"container\" data-e-type=\"container\">\n\t\t\t\t<div class=\"elementor-element elementor-element-e1a4d46 elementor-widget elementor-widget-heading\" data-id=\"e1a4d46\" data-element_type=\"widget\" data-e-type=\"widget\" data-widget_type=\"heading.default\">\n\t\t\t\t\t<h2 class=\"elementor-heading-title elementor-size-default\">Loctite bidezko inpregnazioari buruzko informazio gehigarria<\/h2>\t\t\t\t<\/div>\n\t\t\t\t<\/div>\n\t\t<div class=\"elementor-element elementor-element-c4727b4 e-con-full e-flex e-con e-child\" data-id=\"c4727b4\" data-element_type=\"container\" data-e-type=\"container\">\n\t\t\t\t<div class=\"elementor-element elementor-element-2da1eb7 elementor-widget elementor-widget-button\" data-id=\"2da1eb7\" data-element_type=\"widget\" data-e-type=\"widget\" data-widget_type=\"button.default\">\n\t\t\t\t\t\t\t\t\t\t<a class=\"elementor-button elementor-button-link elementor-size-sm\" href=\"https:\/\/www.imdusa.es\/upload\/proceso-loctite.pdf\" target=\"_blank\">\n\t\t\t\t\t\t<span class=\"elementor-button-content-wrapper\">\n\t\t\t\t\t\t\t\t\t<span class=\"elementor-button-text\">Prozesua<\/span>\n\t\t\t\t\t<\/span>\n\t\t\t\t\t<\/a>\n\t\t\t\t\t\t\t\t<\/div>\n\t\t\t\t<\/div>\n\t\t<div class=\"elementor-element elementor-element-f9e86c2 e-con-full e-flex e-con e-child\" data-id=\"f9e86c2\" data-element_type=\"container\" data-e-type=\"container\">\n\t\t\t\t<div class=\"elementor-element elementor-element-67bdb6a elementor-widget elementor-widget-button\" data-id=\"67bdb6a\" data-element_type=\"widget\" data-e-type=\"widget\" data-widget_type=\"button.default\">\n\t\t\t\t\t\t\t\t\t\t<a class=\"elementor-button elementor-button-link elementor-size-sm\" href=\"https:\/\/www.imdusa.es\/upload\/catalogo.pdf\" target=\"_blank\">\n\t\t\t\t\t\t<span class=\"elementor-button-content-wrapper\">\n\t\t\t\t\t\t\t\t\t<span class=\"elementor-button-text\">Katalogoa<\/span>\n\t\t\t\t\t<\/span>\n\t\t\t\t\t<\/a>\n\t\t\t\t\t\t\t\t<\/div>\n\t\t\t\t<\/div>\n\t\t\t\t\t<\/div>\n\t\t\t\t<\/div>\n\t\t<div class=\"elementor-element elementor-element-0490480 e-flex e-con-boxed e-con e-parent\" data-id=\"0490480\" data-element_type=\"container\" data-e-type=\"container\" data-settings=\"{&quot;background_background&quot;:&quot;classic&quot;}\">\n\t\t\t\t\t<div class=\"e-con-inner\">\n\t\t<div class=\"elementor-element elementor-element-83c52ed e-flex e-con-boxed e-con e-child\" data-id=\"83c52ed\" data-element_type=\"container\" data-e-type=\"container\">\n\t\t\t\t\t<div class=\"e-con-inner\">\n\t\t\t\t<div class=\"elementor-element elementor-element-747042a elementor-widget elementor-widget-image\" data-id=\"747042a\" data-element_type=\"widget\" data-e-type=\"widget\" data-widget_type=\"image.default\">\n\t\t\t\t\t\t\t\t\t\t\t\t\t\t\t<img fetchpriority=\"high\" decoding=\"async\" width=\"800\" height=\"534\" src=\"https:\/\/imdusaimpregnaciones.com\/wp-content\/uploads\/2026\/03\/7396-1024x683.jpg\" class=\"attachment-large size-large wp-image-329\" alt=\"\" srcset=\"https:\/\/imdusaimpregnaciones.com\/wp-content\/uploads\/2026\/03\/7396-1024x683.jpg 1024w, https:\/\/imdusaimpregnaciones.com\/wp-content\/uploads\/2026\/03\/7396-300x200.jpg 300w, https:\/\/imdusaimpregnaciones.com\/wp-content\/uploads\/2026\/03\/7396-768x512.jpg 768w, https:\/\/imdusaimpregnaciones.com\/wp-content\/uploads\/2026\/03\/7396-1536x1025.jpg 1536w, https:\/\/imdusaimpregnaciones.com\/wp-content\/uploads\/2026\/03\/7396-18x12.jpg 18w, https:\/\/imdusaimpregnaciones.com\/wp-content\/uploads\/2026\/03\/7396.jpg 2000w\" sizes=\"(max-width: 800px) 100vw, 800px\" \/>\t\t\t\t\t\t\t\t\t\t\t\t\t\t\t<\/div>\n\t\t\t\t\t<\/div>\n\t\t\t\t<\/div>\n\t\t<div class=\"elementor-element elementor-element-c794cb8 e-flex e-con-boxed e-con e-child\" data-id=\"c794cb8\" data-element_type=\"container\" data-e-type=\"container\" data-settings=\"{&quot;background_background&quot;:&quot;classic&quot;}\">\n\t\t\t\t\t<div class=\"e-con-inner\">\n\t\t\t\t<div class=\"elementor-element elementor-element-16554c1 elementor-widget elementor-widget-heading\" data-id=\"16554c1\" data-element_type=\"widget\" data-e-type=\"widget\" data-widget_type=\"heading.default\">\n\t\t\t\t\t<h2 class=\"elementor-heading-title elementor-size-default\">Liderrak Berreskurapen eta Hermetikotasun Industrialean<\/h2>\t\t\t\t<\/div>\n\t\t\t\t<div class=\"elementor-element elementor-element-89f381d elementor-widget elementor-widget-text-editor\" data-id=\"89f381d\" data-element_type=\"widget\" data-e-type=\"widget\" data-widget_type=\"text-editor.default\">\n\t\t\t\t\t\t\t\t\t<p>Egungo manufakturaren ingurune zorrotzean, IMDUSA zutabe estrategiko gisa finkatu da galdaketa industriarako eta Durangoko automotriz sektorerako. Gure garrantzia prozesu kritikoak bikaintasun emaitza bihurtzeko gaitasunean datza; Loctite inpregnazio teknologia erabiliz, bestela baztertuak izango liratekeen porositate akatsak dituzten piezak berreskuratzeaz gain, osagai bakoitzaren hermetikotasuna eta erabateko kalitatea bermatzen ditugu. Izan ere, <i data-path-to-node=\"1,0\" data-index-in-node=\"513\">scrap<\/i> y optimizar los costos de producci\u00f3n de nuestros clientes, IMDUSA no solo ofrece un servicio t\u00e9cnico, sino una garant\u00eda de rentabilidad y competitividad a nivel internacional.<\/p>\t\t\t\t\t\t\t\t<\/div>\n\t\t\t\t<div class=\"elementor-element elementor-element-7a41c54 elementor-align-center elementor-widget elementor-widget-button\" data-id=\"7a41c54\" data-element_type=\"widget\" data-e-type=\"widget\" data-widget_type=\"button.default\">\n\t\t\t\t\t\t\t\t\t\t<a class=\"elementor-button elementor-button-link elementor-size-sm\" href=\"https:\/\/imdusaimpregnaciones.com\/eu\/servicios\/\">\n\t\t\t\t\t\t<span class=\"elementor-button-content-wrapper\">\n\t\t\t\t\t\t\t\t\t<span class=\"elementor-button-text\">Zerbitzu gehigarriak<\/span>\n\t\t\t\t\t<\/span>\n\t\t\t\t\t<\/a>\n\t\t\t\t\t\t\t\t<\/div>\n\t\t\t\t\t<\/div>\n\t\t\t\t<\/div>\n\t\t\t\t\t<\/div>\n\t\t\t\t<\/div>\n\t\t\t\t<\/div>","protected":false},"excerpt":{"rendered":"<p>IMDUSA Desde 1987 sellando microporos Nuestra Actividad Quienes Somos? Nuestra principal actividad es la impregnaci\u00f3n.\u00a0Imdusa posee el Sistema de Impregnaci\u00f3n Loctite\u00a0realizando el proceso bajo la supervisi\u00f3n de Loctite Impregnaciones. Este sistema reduce los costes totales de producci\u00f3n al permitir la recuperaci\u00f3n de piezas que tienen microporosidades, mediante su sellado, reduciendo los controles de calidad gracias [&hellip;]<\/p>\n","protected":false},"author":1,"featured_media":0,"parent":0,"menu_order":0,"comment_status":"closed","ping_status":"closed","template":"elementor_canvas","meta":{"footnotes":""},"class_list":["post-9","page","type-page","status-publish","hentry"],"yoast_head":"<!-- This site is optimized with the Yoast SEO plugin v27.3 - https:\/\/yoast.com\/product\/yoast-seo-wordpress\/ -->\n<title>Inicio - Imdusa Impregnaciones S.L.<\/title>\n<meta name=\"robots\" content=\"index, follow, max-snippet:-1, max-image-preview:large, max-video-preview:-1\" \/>\n<link rel=\"canonical\" href=\"https:\/\/imdusaimpregnaciones.com\/eu\/\" \/>\n<meta property=\"og:locale\" content=\"en_US\" \/>\n<meta property=\"og:type\" content=\"article\" \/>\n<meta property=\"og:title\" content=\"Inicio - Imdusa Impregnaciones S.L.\" \/>\n<meta property=\"og:description\" content=\"IMDUSA Desde 1987 sellando microporos Nuestra Actividad Quienes Somos? Nuestra principal actividad es la impregnaci\u00f3n.\u00a0Imdusa posee el Sistema de Impregnaci\u00f3n Loctite\u00a0realizando el proceso bajo la supervisi\u00f3n de Loctite Impregnaciones. Este sistema reduce los costes totales de producci\u00f3n al permitir la recuperaci\u00f3n de piezas que tienen microporosidades, mediante su sellado, reduciendo los controles de calidad gracias [&hellip;]\" \/>\n<meta property=\"og:url\" content=\"https:\/\/imdusaimpregnaciones.com\/eu\/\" \/>\n<meta property=\"og:site_name\" content=\"Imdusa Impregnaciones S.L.\" \/>\n<meta property=\"article:modified_time\" content=\"2026-03-12T15:25:54+00:00\" \/>\n<meta property=\"og:image\" content=\"https:\/\/imdusaimpregnaciones.com\/wp-content\/uploads\/2026\/03\/7396-1024x683.jpg\" \/>\n<meta name=\"twitter:card\" content=\"summary_large_image\" \/>\n<meta name=\"twitter:label1\" content=\"Est. reading time\" \/>\n\t<meta name=\"twitter:data1\" content=\"3 minutua\" \/>\n<script type=\"application\/ld+json\" class=\"yoast-schema-graph\">{\"@context\":\"https:\\\/\\\/schema.org\",\"@graph\":[{\"@type\":\"WebPage\",\"@id\":\"https:\\\/\\\/imdusaimpregnaciones.com\\\/\",\"url\":\"https:\\\/\\\/imdusaimpregnaciones.com\\\/\",\"name\":\"Inicio - Imdusa Impregnaciones S.L.\",\"isPartOf\":{\"@id\":\"https:\\\/\\\/imdusaimpregnaciones.com\\\/#website\"},\"primaryImageOfPage\":{\"@id\":\"https:\\\/\\\/imdusaimpregnaciones.com\\\/#primaryimage\"},\"image\":{\"@id\":\"https:\\\/\\\/imdusaimpregnaciones.com\\\/#primaryimage\"},\"thumbnailUrl\":\"https:\\\/\\\/imdusaimpregnaciones.com\\\/wp-content\\\/uploads\\\/2026\\\/03\\\/7396-1024x683.jpg\",\"datePublished\":\"2026-03-12T11:08:35+00:00\",\"dateModified\":\"2026-03-12T15:25:54+00:00\",\"breadcrumb\":{\"@id\":\"https:\\\/\\\/imdusaimpregnaciones.com\\\/#breadcrumb\"},\"inLanguage\":\"eu\",\"potentialAction\":[{\"@type\":\"ReadAction\",\"target\":[\"https:\\\/\\\/imdusaimpregnaciones.com\\\/\"]}]},{\"@type\":\"ImageObject\",\"inLanguage\":\"eu\",\"@id\":\"https:\\\/\\\/imdusaimpregnaciones.com\\\/#primaryimage\",\"url\":\"https:\\\/\\\/imdusaimpregnaciones.com\\\/wp-content\\\/uploads\\\/2026\\\/03\\\/7396-1024x683.jpg\",\"contentUrl\":\"https:\\\/\\\/imdusaimpregnaciones.com\\\/wp-content\\\/uploads\\\/2026\\\/03\\\/7396-1024x683.jpg\"},{\"@type\":\"BreadcrumbList\",\"@id\":\"https:\\\/\\\/imdusaimpregnaciones.com\\\/#breadcrumb\",\"itemListElement\":[{\"@type\":\"ListItem\",\"position\":1,\"name\":\"Portada\",\"item\":\"https:\\\/\\\/imdusaimpregnaciones.com\\\/\"},{\"@type\":\"ListItem\",\"position\":2,\"name\":\"Inicio\"}]},{\"@type\":\"WebSite\",\"@id\":\"https:\\\/\\\/imdusaimpregnaciones.com\\\/#website\",\"url\":\"https:\\\/\\\/imdusaimpregnaciones.com\\\/\",\"name\":\"Imdusa Impregnaciones S.L.\",\"description\":\"\",\"publisher\":{\"@id\":\"https:\\\/\\\/imdusaimpregnaciones.com\\\/#organization\"},\"potentialAction\":[{\"@type\":\"SearchAction\",\"target\":{\"@type\":\"EntryPoint\",\"urlTemplate\":\"https:\\\/\\\/imdusaimpregnaciones.com\\\/?s={search_term_string}\"},\"query-input\":{\"@type\":\"PropertyValueSpecification\",\"valueRequired\":true,\"valueName\":\"search_term_string\"}}],\"inLanguage\":\"eu\"},{\"@type\":\"Organization\",\"@id\":\"https:\\\/\\\/imdusaimpregnaciones.com\\\/#organization\",\"name\":\"Imdusa Impregnaciones S.L.\",\"url\":\"https:\\\/\\\/imdusaimpregnaciones.com\\\/\",\"logo\":{\"@type\":\"ImageObject\",\"inLanguage\":\"eu\",\"@id\":\"https:\\\/\\\/imdusaimpregnaciones.com\\\/#\\\/schema\\\/logo\\\/image\\\/\",\"url\":\"https:\\\/\\\/imdusaimpregnaciones.com\\\/wp-content\\\/uploads\\\/2026\\\/03\\\/cropped-cropped-Diseno-sin-titulo-1.png\",\"contentUrl\":\"https:\\\/\\\/imdusaimpregnaciones.com\\\/wp-content\\\/uploads\\\/2026\\\/03\\\/cropped-cropped-Diseno-sin-titulo-1.png\",\"width\":1599,\"height\":349,\"caption\":\"Imdusa Impregnaciones S.L.\"},\"image\":{\"@id\":\"https:\\\/\\\/imdusaimpregnaciones.com\\\/#\\\/schema\\\/logo\\\/image\\\/\"}}]}<\/script>\n<!-- \/ Yoast SEO plugin. -->","yoast_head_json":{"title":"Inicio - Imdusa Impregnaciones S.L.","robots":{"index":"index","follow":"follow","max-snippet":"max-snippet:-1","max-image-preview":"max-image-preview:large","max-video-preview":"max-video-preview:-1"},"canonical":"https:\/\/imdusaimpregnaciones.com\/eu\/","og_locale":"en_US","og_type":"article","og_title":"Inicio - Imdusa Impregnaciones S.L.","og_description":"IMDUSA Desde 1987 sellando microporos Nuestra Actividad Quienes Somos? Nuestra principal actividad es la impregnaci\u00f3n.\u00a0Imdusa posee el Sistema de Impregnaci\u00f3n Loctite\u00a0realizando el proceso bajo la supervisi\u00f3n de Loctite Impregnaciones. Este sistema reduce los costes totales de producci\u00f3n al permitir la recuperaci\u00f3n de piezas que tienen microporosidades, mediante su sellado, reduciendo los controles de calidad gracias [&hellip;]","og_url":"https:\/\/imdusaimpregnaciones.com\/eu\/","og_site_name":"Imdusa Impregnaciones S.L.","article_modified_time":"2026-03-12T15:25:54+00:00","og_image":[{"url":"https:\/\/imdusaimpregnaciones.com\/wp-content\/uploads\/2026\/03\/7396-1024x683.jpg","type":"","width":"","height":""}],"twitter_card":"summary_large_image","twitter_misc":{"Est. reading time":"3 minutua"},"schema":{"@context":"https:\/\/schema.org","@graph":[{"@type":"WebPage","@id":"https:\/\/imdusaimpregnaciones.com\/","url":"https:\/\/imdusaimpregnaciones.com\/","name":"Inicio - Imdusa Impregnaciones S.L.","isPartOf":{"@id":"https:\/\/imdusaimpregnaciones.com\/#website"},"primaryImageOfPage":{"@id":"https:\/\/imdusaimpregnaciones.com\/#primaryimage"},"image":{"@id":"https:\/\/imdusaimpregnaciones.com\/#primaryimage"},"thumbnailUrl":"https:\/\/imdusaimpregnaciones.com\/wp-content\/uploads\/2026\/03\/7396-1024x683.jpg","datePublished":"2026-03-12T11:08:35+00:00","dateModified":"2026-03-12T15:25:54+00:00","breadcrumb":{"@id":"https:\/\/imdusaimpregnaciones.com\/#breadcrumb"},"inLanguage":"eu","potentialAction":[{"@type":"ReadAction","target":["https:\/\/imdusaimpregnaciones.com\/"]}]},{"@type":"ImageObject","inLanguage":"eu","@id":"https:\/\/imdusaimpregnaciones.com\/#primaryimage","url":"https:\/\/imdusaimpregnaciones.com\/wp-content\/uploads\/2026\/03\/7396-1024x683.jpg","contentUrl":"https:\/\/imdusaimpregnaciones.com\/wp-content\/uploads\/2026\/03\/7396-1024x683.jpg"},{"@type":"BreadcrumbList","@id":"https:\/\/imdusaimpregnaciones.com\/#breadcrumb","itemListElement":[{"@type":"ListItem","position":1,"name":"Portada","item":"https:\/\/imdusaimpregnaciones.com\/"},{"@type":"ListItem","position":2,"name":"Inicio"}]},{"@type":"WebSite","@id":"https:\/\/imdusaimpregnaciones.com\/#website","url":"https:\/\/imdusaimpregnaciones.com\/","name":"Imdusa Impregnaciones S.L.","description":"","publisher":{"@id":"https:\/\/imdusaimpregnaciones.com\/#organization"},"potentialAction":[{"@type":"SearchAction","target":{"@type":"EntryPoint","urlTemplate":"https:\/\/imdusaimpregnaciones.com\/?s={search_term_string}"},"query-input":{"@type":"PropertyValueSpecification","valueRequired":true,"valueName":"search_term_string"}}],"inLanguage":"eu"},{"@type":"Organization","@id":"https:\/\/imdusaimpregnaciones.com\/#organization","name":"Imdusa Impregnaciones S.L.","url":"https:\/\/imdusaimpregnaciones.com\/","logo":{"@type":"ImageObject","inLanguage":"eu","@id":"https:\/\/imdusaimpregnaciones.com\/#\/schema\/logo\/image\/","url":"https:\/\/imdusaimpregnaciones.com\/wp-content\/uploads\/2026\/03\/cropped-cropped-Diseno-sin-titulo-1.png","contentUrl":"https:\/\/imdusaimpregnaciones.com\/wp-content\/uploads\/2026\/03\/cropped-cropped-Diseno-sin-titulo-1.png","width":1599,"height":349,"caption":"Imdusa Impregnaciones S.L."},"image":{"@id":"https:\/\/imdusaimpregnaciones.com\/#\/schema\/logo\/image\/"}}]}},"_links":{"self":[{"href":"https:\/\/imdusaimpregnaciones.com\/eu\/wp-json\/wp\/v2\/pages\/9","targetHints":{"allow":["GET"]}}],"collection":[{"href":"https:\/\/imdusaimpregnaciones.com\/eu\/wp-json\/wp\/v2\/pages"}],"about":[{"href":"https:\/\/imdusaimpregnaciones.com\/eu\/wp-json\/wp\/v2\/types\/page"}],"author":[{"embeddable":true,"href":"https:\/\/imdusaimpregnaciones.com\/eu\/wp-json\/wp\/v2\/users\/1"}],"replies":[{"embeddable":true,"href":"https:\/\/imdusaimpregnaciones.com\/eu\/wp-json\/wp\/v2\/comments?post=9"}],"version-history":[{"count":108,"href":"https:\/\/imdusaimpregnaciones.com\/eu\/wp-json\/wp\/v2\/pages\/9\/revisions"}],"predecessor-version":[{"id":344,"href":"https:\/\/imdusaimpregnaciones.com\/eu\/wp-json\/wp\/v2\/pages\/9\/revisions\/344"}],"wp:attachment":[{"href":"https:\/\/imdusaimpregnaciones.com\/eu\/wp-json\/wp\/v2\/media?parent=9"}],"curies":[{"name":"wp","href":"https:\/\/api.w.org\/{rel}","templated":true}]}}