{"id":12,"date":"2026-03-12T11:10:04","date_gmt":"2026-03-12T11:10:04","guid":{"rendered":"https:\/\/imdusaimpregnaciones.rkinformatika.online\/?page_id=12"},"modified":"2026-03-12T14:56:56","modified_gmt":"2026-03-12T14:56:56","slug":"servicios","status":"publish","type":"page","link":"https:\/\/imdusaimpregnaciones.com\/eu\/servicios\/","title":{"rendered":"Zerbitzuak"},"content":{"rendered":"<div data-elementor-type=\"wp-page\" data-elementor-id=\"12\" class=\"elementor elementor-12\" data-elementor-post-type=\"page\">\n\t\t\t\t<div class=\"elementor-element elementor-element-7257317 e-con-full e-flex e-con e-parent\" data-id=\"7257317\" data-element_type=\"container\" data-e-type=\"container\" data-settings=\"{&quot;background_background&quot;:&quot;classic&quot;}\">\n\t\t\t\t<div class=\"elementor-element elementor-element-f560f11 elementor-widget elementor-widget-heading\" data-id=\"f560f11\" data-element_type=\"widget\" data-e-type=\"widget\" data-widget_type=\"heading.default\">\n\t\t\t\t\t<h2 class=\"elementor-heading-title elementor-size-default\">Zerbitzuak<\/h2>\t\t\t\t<\/div>\n\t\t\t\t<\/div>\n\t\t<div class=\"elementor-element elementor-element-d5bb71d e-flex e-con-boxed e-con e-parent\" data-id=\"d5bb71d\" data-element_type=\"container\" data-e-type=\"container\" data-settings=\"{&quot;background_background&quot;:&quot;classic&quot;}\">\n\t\t\t\t\t<div class=\"e-con-inner\">\n\t\t<div class=\"elementor-element elementor-element-0dc80d5 e-con-full e-flex e-con e-child\" data-id=\"0dc80d5\" data-element_type=\"container\" data-e-type=\"container\">\n\t\t\t\t<div class=\"elementor-element elementor-element-e29b0aa elementor-widget elementor-widget-image\" data-id=\"e29b0aa\" data-element_type=\"widget\" data-e-type=\"widget\" data-widget_type=\"image.default\">\n\t\t\t\t\t\t\t\t\t\t\t\t\t\t\t<img fetchpriority=\"high\" decoding=\"async\" width=\"800\" height=\"533\" src=\"https:\/\/imdusaimpregnaciones.com\/wp-content\/uploads\/2026\/03\/2148814155-1024x682.jpg\" class=\"attachment-large size-large wp-image-196\" alt=\"\" srcset=\"https:\/\/imdusaimpregnaciones.com\/wp-content\/uploads\/2026\/03\/2148814155-1024x682.jpg 1024w, https:\/\/imdusaimpregnaciones.com\/wp-content\/uploads\/2026\/03\/2148814155-300x200.jpg 300w, https:\/\/imdusaimpregnaciones.com\/wp-content\/uploads\/2026\/03\/2148814155-768x512.jpg 768w, https:\/\/imdusaimpregnaciones.com\/wp-content\/uploads\/2026\/03\/2148814155-1536x1024.jpg 1536w, https:\/\/imdusaimpregnaciones.com\/wp-content\/uploads\/2026\/03\/2148814155-18x12.jpg 18w, https:\/\/imdusaimpregnaciones.com\/wp-content\/uploads\/2026\/03\/2148814155.jpg 2000w\" sizes=\"(max-width: 800px) 100vw, 800px\" \/>\t\t\t\t\t\t\t\t\t\t\t\t\t\t\t<\/div>\n\t\t\t\t<\/div>\n\t\t<div class=\"elementor-element elementor-element-58b091b e-con-full e-flex e-con e-child\" data-id=\"58b091b\" data-element_type=\"container\" data-e-type=\"container\">\n\t\t\t\t<div class=\"elementor-element elementor-element-86c1411 elementor-widget elementor-widget-heading\" data-id=\"86c1411\" data-element_type=\"widget\" data-e-type=\"widget\" data-widget_type=\"heading.default\">\n\t\t\t\t\t<h2 class=\"elementor-heading-title elementor-size-default\">Impregnaci\u00f3n al Vac\u00edo<\/h2>\t\t\t\t<\/div>\n\t\t\t\t<div class=\"elementor-element elementor-element-49275d5 elementor-widget elementor-widget-text-editor\" data-id=\"49275d5\" data-element_type=\"widget\" data-e-type=\"widget\" data-widget_type=\"text-editor.default\">\n\t\t\t\t\t\t\t\t\t<p data-path-to-node=\"8\">Es nuestro servicio estrella. Utilizamos resinas anaer\u00f3bicas de baja viscosidad que penetran en las micro-porosidades del metal.<\/p><ul data-path-to-node=\"9\"><li><p data-path-to-node=\"9,0,0\"><b data-path-to-node=\"9,0,0\" data-index-in-node=\"0\">Beneficio:<\/b> Sella permanentemente poros internos sin alterar las dimensiones cr\u00edticas ni la est\u00e9tica de la pieza.<\/p><\/li><li><p data-path-to-node=\"9,1,0\"><b data-path-to-node=\"9,1,0\" data-index-in-node=\"0\">Aplicaciones:<\/b> Monoblocks, cabezas de motor, carcasas de transmisi\u00f3n, bombas de agua y componentes hidr\u00e1ulicos.<\/p><\/li><\/ul>\t\t\t\t\t\t\t\t<\/div>\n\t\t\t\t<\/div>\n\t\t\t\t\t<\/div>\n\t\t\t\t<\/div>\n\t\t<div class=\"elementor-element elementor-element-3cb174c e-flex e-con-boxed e-con e-parent\" data-id=\"3cb174c\" data-element_type=\"container\" data-e-type=\"container\" data-settings=\"{&quot;background_background&quot;:&quot;classic&quot;}\">\n\t\t\t\t\t<div class=\"e-con-inner\">\n\t\t<div class=\"elementor-element elementor-element-9638cb1 e-con-full e-flex e-con e-child\" data-id=\"9638cb1\" data-element_type=\"container\" data-e-type=\"container\">\n\t\t\t\t<div class=\"elementor-element elementor-element-fc1a312 elementor-widget elementor-widget-heading\" data-id=\"fc1a312\" data-element_type=\"widget\" data-e-type=\"widget\" data-widget_type=\"heading.default\">\n\t\t\t\t\t<h2 class=\"elementor-heading-title elementor-size-default\">Pruebas de Hermeticidad y Fuga<\/h2>\t\t\t\t<\/div>\n\t\t\t\t<div class=\"elementor-element elementor-element-9c438e6 elementor-widget elementor-widget-text-editor\" data-id=\"9c438e6\" data-element_type=\"widget\" data-e-type=\"widget\" data-widget_type=\"text-editor.default\">\n\t\t\t\t\t\t\t\t\t<p data-path-to-node=\"11\">No solo sellamos, validamos. Sometemos las piezas a pruebas rigurosas para asegurar que cumplen con los est\u00e1ndares de presi\u00f3n requeridos por tu industria.<\/p><ul data-path-to-node=\"12\"><li><p data-path-to-node=\"12,0,0\"><b data-path-to-node=\"12,0,0\" data-index-in-node=\"0\">M\u00e9todos:<\/b> Pruebas neum\u00e1ticas, hidrost\u00e1ticas y de inmersi\u00f3n.<\/p><\/li><\/ul>\t\t\t\t\t\t\t\t<\/div>\n\t\t\t\t<\/div>\n\t\t<div class=\"elementor-element elementor-element-0553e84 e-con-full e-flex e-con e-child\" data-id=\"0553e84\" data-element_type=\"container\" data-e-type=\"container\">\n\t\t\t\t<div class=\"elementor-element elementor-element-cb4404d elementor-widget elementor-widget-image\" data-id=\"cb4404d\" data-element_type=\"widget\" data-e-type=\"widget\" data-widget_type=\"image.default\">\n\t\t\t\t\t\t\t\t\t\t\t\t\t\t\t<img decoding=\"async\" width=\"800\" height=\"533\" src=\"https:\/\/imdusaimpregnaciones.com\/wp-content\/uploads\/2026\/03\/2149714288-1024x682.jpg\" class=\"attachment-large size-large wp-image-197\" alt=\"\" srcset=\"https:\/\/imdusaimpregnaciones.com\/wp-content\/uploads\/2026\/03\/2149714288-1024x682.jpg 1024w, https:\/\/imdusaimpregnaciones.com\/wp-content\/uploads\/2026\/03\/2149714288-300x200.jpg 300w, https:\/\/imdusaimpregnaciones.com\/wp-content\/uploads\/2026\/03\/2149714288-768x512.jpg 768w, https:\/\/imdusaimpregnaciones.com\/wp-content\/uploads\/2026\/03\/2149714288-1536x1024.jpg 1536w, https:\/\/imdusaimpregnaciones.com\/wp-content\/uploads\/2026\/03\/2149714288-18x12.jpg 18w, https:\/\/imdusaimpregnaciones.com\/wp-content\/uploads\/2026\/03\/2149714288.jpg 2000w\" sizes=\"(max-width: 800px) 100vw, 800px\" \/>\t\t\t\t\t\t\t\t\t\t\t\t\t\t\t<\/div>\n\t\t\t\t<\/div>\n\t\t\t\t\t<\/div>\n\t\t\t\t<\/div>\n\t\t<div class=\"elementor-element elementor-element-010922d e-flex e-con-boxed e-con e-parent\" data-id=\"010922d\" data-element_type=\"container\" data-e-type=\"container\" data-settings=\"{&quot;background_background&quot;:&quot;classic&quot;}\">\n\t\t\t\t\t<div class=\"e-con-inner\">\n\t\t<div class=\"elementor-element elementor-element-e438c51 e-con-full e-flex e-con e-child\" data-id=\"e438c51\" data-element_type=\"container\" data-e-type=\"container\">\n\t\t\t\t<div class=\"elementor-element elementor-element-c45fd7a elementor-widget elementor-widget-image\" data-id=\"c45fd7a\" data-element_type=\"widget\" data-e-type=\"widget\" data-widget_type=\"image.default\">\n\t\t\t\t\t\t\t\t\t\t\t\t\t\t\t<img decoding=\"async\" width=\"800\" height=\"534\" src=\"https:\/\/imdusaimpregnaciones.com\/wp-content\/uploads\/2026\/03\/110-1024x684.jpg\" class=\"attachment-large size-large wp-image-198\" alt=\"\" srcset=\"https:\/\/imdusaimpregnaciones.com\/wp-content\/uploads\/2026\/03\/110-1024x684.jpg 1024w, https:\/\/imdusaimpregnaciones.com\/wp-content\/uploads\/2026\/03\/110-300x200.jpg 300w, https:\/\/imdusaimpregnaciones.com\/wp-content\/uploads\/2026\/03\/110-768x513.jpg 768w, https:\/\/imdusaimpregnaciones.com\/wp-content\/uploads\/2026\/03\/110-1536x1025.jpg 1536w, https:\/\/imdusaimpregnaciones.com\/wp-content\/uploads\/2026\/03\/110-18x12.jpg 18w, https:\/\/imdusaimpregnaciones.com\/wp-content\/uploads\/2026\/03\/110.jpg 2000w\" sizes=\"(max-width: 800px) 100vw, 800px\" \/>\t\t\t\t\t\t\t\t\t\t\t\t\t\t\t<\/div>\n\t\t\t\t<\/div>\n\t\t<div class=\"elementor-element elementor-element-32ad7b5 e-con-full e-flex e-con e-child\" data-id=\"32ad7b5\" data-element_type=\"container\" data-e-type=\"container\">\n\t\t\t\t<div class=\"elementor-element elementor-element-d289d7c elementor-widget elementor-widget-heading\" data-id=\"d289d7c\" data-element_type=\"widget\" data-e-type=\"widget\" data-widget_type=\"heading.default\">\n\t\t\t\t\t<h2 class=\"elementor-heading-title elementor-size-default\">Lavado y Preparaci\u00f3n Industrial<\/h2>\t\t\t\t<\/div>\n\t\t\t\t<div class=\"elementor-element elementor-element-bb60770 elementor-widget elementor-widget-text-editor\" data-id=\"bb60770\" data-element_type=\"widget\" data-e-type=\"widget\" data-widget_type=\"text-editor.default\">\n\t\t\t\t\t\t\t\t\t<p data-path-to-node=\"14\">Aseguramos que cada componente est\u00e9 libre de aceites, virutas y contaminantes antes del proceso de sellado, garantizando una adherencia perfecta de la resina.<\/p>\t\t\t\t\t\t\t\t<\/div>\n\t\t\t\t<\/div>\n\t\t\t\t\t<\/div>\n\t\t\t\t<\/div>\n\t\t<div class=\"elementor-element elementor-element-82f6e26 e-flex e-con-boxed e-con e-parent\" data-id=\"82f6e26\" data-element_type=\"container\" data-e-type=\"container\" data-settings=\"{&quot;background_background&quot;:&quot;classic&quot;}\">\n\t\t\t\t\t<div class=\"e-con-inner\">\n\t\t\t\t<div class=\"elementor-element elementor-element-ea0d294 elementor-widget elementor-widget-heading\" data-id=\"ea0d294\" data-element_type=\"widget\" data-e-type=\"widget\" data-widget_type=\"heading.default\">\n\t\t\t\t\t<h2 class=\"elementor-heading-title elementor-size-default\">\u00bfListo para eliminar el scrap en tu producci\u00f3n?<\/h2>\t\t\t\t<\/div>\n\t\t\t\t<div class=\"elementor-element elementor-element-bd0ace8 elementor-widget elementor-widget-button\" data-id=\"bd0ace8\" data-element_type=\"widget\" data-e-type=\"widget\" data-widget_type=\"button.default\">\n\t\t\t\t\t\t\t\t\t\t<a class=\"elementor-button elementor-button-link elementor-size-sm\" href=\"https:\/\/imdusaimpregnaciones.com\/eu\/contacto\/\">\n\t\t\t\t\t\t<span class=\"elementor-button-content-wrapper\">\n\t\t\t\t\t\t\t\t\t<span class=\"elementor-button-text\">SOLICITAR ASESOR\u00cdA T\u00c9CNICA<\/span>\n\t\t\t\t\t<\/span>\n\t\t\t\t\t<\/a>\n\t\t\t\t\t\t\t\t<\/div>\n\t\t\t\t\t<\/div>\n\t\t\t\t<\/div>\n\t\t\t\t<\/div>","protected":false},"excerpt":{"rendered":"<p>Servicios Impregnaci\u00f3n al Vac\u00edo Es nuestro servicio estrella. Utilizamos resinas anaer\u00f3bicas de baja viscosidad que penetran en las micro-porosidades del metal. Beneficio: Sella permanentemente poros internos sin alterar las dimensiones cr\u00edticas ni la est\u00e9tica de la pieza. Aplicaciones: Monoblocks, cabezas de motor, carcasas de transmisi\u00f3n, bombas de agua y componentes hidr\u00e1ulicos. Pruebas de Hermeticidad y [&hellip;]<\/p>\n","protected":false},"author":1,"featured_media":0,"parent":0,"menu_order":0,"comment_status":"closed","ping_status":"closed","template":"elementor_canvas","meta":{"footnotes":""},"class_list":["post-12","page","type-page","status-publish","hentry"],"yoast_head":"<!-- This site is optimized with the Yoast SEO plugin v27.3 - https:\/\/yoast.com\/product\/yoast-seo-wordpress\/ -->\n<title>Servicios - Imdusa Impregnaciones S.L.<\/title>\n<meta name=\"robots\" content=\"index, follow, max-snippet:-1, max-image-preview:large, max-video-preview:-1\" \/>\n<link rel=\"canonical\" href=\"https:\/\/imdusaimpregnaciones.com\/eu\/servicios\/\" \/>\n<meta property=\"og:locale\" content=\"en_US\" \/>\n<meta property=\"og:type\" content=\"article\" \/>\n<meta property=\"og:title\" content=\"Servicios - Imdusa Impregnaciones S.L.\" \/>\n<meta property=\"og:description\" content=\"Servicios Impregnaci\u00f3n al Vac\u00edo Es nuestro servicio estrella. Utilizamos resinas anaer\u00f3bicas de baja viscosidad que penetran en las micro-porosidades del metal. Beneficio: Sella permanentemente poros internos sin alterar las dimensiones cr\u00edticas ni la est\u00e9tica de la pieza. Aplicaciones: Monoblocks, cabezas de motor, carcasas de transmisi\u00f3n, bombas de agua y componentes hidr\u00e1ulicos. Pruebas de Hermeticidad y [&hellip;]\" \/>\n<meta property=\"og:url\" content=\"https:\/\/imdusaimpregnaciones.com\/eu\/servicios\/\" \/>\n<meta property=\"og:site_name\" content=\"Imdusa Impregnaciones S.L.\" \/>\n<meta property=\"article:modified_time\" content=\"2026-03-12T14:56:56+00:00\" \/>\n<meta property=\"og:image\" content=\"https:\/\/imdusaimpregnaciones.com\/wp-content\/uploads\/2026\/03\/2148814155-1024x682.jpg\" \/>\n<meta name=\"twitter:card\" content=\"summary_large_image\" \/>\n<meta name=\"twitter:label1\" content=\"Est. reading time\" \/>\n\t<meta name=\"twitter:data1\" content=\"1 minutua\" \/>\n<script type=\"application\/ld+json\" class=\"yoast-schema-graph\">{\"@context\":\"https:\\\/\\\/schema.org\",\"@graph\":[{\"@type\":\"WebPage\",\"@id\":\"https:\\\/\\\/imdusaimpregnaciones.com\\\/servicios\\\/\",\"url\":\"https:\\\/\\\/imdusaimpregnaciones.com\\\/servicios\\\/\",\"name\":\"Servicios - Imdusa Impregnaciones S.L.\",\"isPartOf\":{\"@id\":\"https:\\\/\\\/imdusaimpregnaciones.com\\\/#website\"},\"primaryImageOfPage\":{\"@id\":\"https:\\\/\\\/imdusaimpregnaciones.com\\\/servicios\\\/#primaryimage\"},\"image\":{\"@id\":\"https:\\\/\\\/imdusaimpregnaciones.com\\\/servicios\\\/#primaryimage\"},\"thumbnailUrl\":\"https:\\\/\\\/imdusaimpregnaciones.com\\\/wp-content\\\/uploads\\\/2026\\\/03\\\/2148814155-1024x682.jpg\",\"datePublished\":\"2026-03-12T11:10:04+00:00\",\"dateModified\":\"2026-03-12T14:56:56+00:00\",\"breadcrumb\":{\"@id\":\"https:\\\/\\\/imdusaimpregnaciones.com\\\/servicios\\\/#breadcrumb\"},\"inLanguage\":\"eu\",\"potentialAction\":[{\"@type\":\"ReadAction\",\"target\":[\"https:\\\/\\\/imdusaimpregnaciones.com\\\/servicios\\\/\"]}]},{\"@type\":\"ImageObject\",\"inLanguage\":\"eu\",\"@id\":\"https:\\\/\\\/imdusaimpregnaciones.com\\\/servicios\\\/#primaryimage\",\"url\":\"https:\\\/\\\/imdusaimpregnaciones.com\\\/wp-content\\\/uploads\\\/2026\\\/03\\\/2148814155-1024x682.jpg\",\"contentUrl\":\"https:\\\/\\\/imdusaimpregnaciones.com\\\/wp-content\\\/uploads\\\/2026\\\/03\\\/2148814155-1024x682.jpg\"},{\"@type\":\"BreadcrumbList\",\"@id\":\"https:\\\/\\\/imdusaimpregnaciones.com\\\/servicios\\\/#breadcrumb\",\"itemListElement\":[{\"@type\":\"ListItem\",\"position\":1,\"name\":\"Portada\",\"item\":\"https:\\\/\\\/imdusaimpregnaciones.com\\\/\"},{\"@type\":\"ListItem\",\"position\":2,\"name\":\"Servicios\"}]},{\"@type\":\"WebSite\",\"@id\":\"https:\\\/\\\/imdusaimpregnaciones.com\\\/#website\",\"url\":\"https:\\\/\\\/imdusaimpregnaciones.com\\\/\",\"name\":\"Imdusa Impregnaciones S.L.\",\"description\":\"\",\"publisher\":{\"@id\":\"https:\\\/\\\/imdusaimpregnaciones.com\\\/#organization\"},\"potentialAction\":[{\"@type\":\"SearchAction\",\"target\":{\"@type\":\"EntryPoint\",\"urlTemplate\":\"https:\\\/\\\/imdusaimpregnaciones.com\\\/?s={search_term_string}\"},\"query-input\":{\"@type\":\"PropertyValueSpecification\",\"valueRequired\":true,\"valueName\":\"search_term_string\"}}],\"inLanguage\":\"eu\"},{\"@type\":\"Organization\",\"@id\":\"https:\\\/\\\/imdusaimpregnaciones.com\\\/#organization\",\"name\":\"Imdusa Impregnaciones S.L.\",\"url\":\"https:\\\/\\\/imdusaimpregnaciones.com\\\/\",\"logo\":{\"@type\":\"ImageObject\",\"inLanguage\":\"eu\",\"@id\":\"https:\\\/\\\/imdusaimpregnaciones.com\\\/#\\\/schema\\\/logo\\\/image\\\/\",\"url\":\"https:\\\/\\\/imdusaimpregnaciones.com\\\/wp-content\\\/uploads\\\/2026\\\/03\\\/cropped-cropped-Diseno-sin-titulo-1.png\",\"contentUrl\":\"https:\\\/\\\/imdusaimpregnaciones.com\\\/wp-content\\\/uploads\\\/2026\\\/03\\\/cropped-cropped-Diseno-sin-titulo-1.png\",\"width\":1599,\"height\":349,\"caption\":\"Imdusa Impregnaciones S.L.\"},\"image\":{\"@id\":\"https:\\\/\\\/imdusaimpregnaciones.com\\\/#\\\/schema\\\/logo\\\/image\\\/\"}}]}<\/script>\n<!-- \/ Yoast SEO plugin. -->","yoast_head_json":{"title":"Servicios - Imdusa Impregnaciones S.L.","robots":{"index":"index","follow":"follow","max-snippet":"max-snippet:-1","max-image-preview":"max-image-preview:large","max-video-preview":"max-video-preview:-1"},"canonical":"https:\/\/imdusaimpregnaciones.com\/eu\/servicios\/","og_locale":"en_US","og_type":"article","og_title":"Servicios - Imdusa Impregnaciones S.L.","og_description":"Servicios Impregnaci\u00f3n al Vac\u00edo Es nuestro servicio estrella. Utilizamos resinas anaer\u00f3bicas de baja viscosidad que penetran en las micro-porosidades del metal. Beneficio: Sella permanentemente poros internos sin alterar las dimensiones cr\u00edticas ni la est\u00e9tica de la pieza. Aplicaciones: Monoblocks, cabezas de motor, carcasas de transmisi\u00f3n, bombas de agua y componentes hidr\u00e1ulicos. Pruebas de Hermeticidad y [&hellip;]","og_url":"https:\/\/imdusaimpregnaciones.com\/eu\/servicios\/","og_site_name":"Imdusa Impregnaciones S.L.","article_modified_time":"2026-03-12T14:56:56+00:00","og_image":[{"url":"https:\/\/imdusaimpregnaciones.com\/wp-content\/uploads\/2026\/03\/2148814155-1024x682.jpg","type":"","width":"","height":""}],"twitter_card":"summary_large_image","twitter_misc":{"Est. reading time":"1 minutua"},"schema":{"@context":"https:\/\/schema.org","@graph":[{"@type":"WebPage","@id":"https:\/\/imdusaimpregnaciones.com\/servicios\/","url":"https:\/\/imdusaimpregnaciones.com\/servicios\/","name":"Servicios - Imdusa Impregnaciones S.L.","isPartOf":{"@id":"https:\/\/imdusaimpregnaciones.com\/#website"},"primaryImageOfPage":{"@id":"https:\/\/imdusaimpregnaciones.com\/servicios\/#primaryimage"},"image":{"@id":"https:\/\/imdusaimpregnaciones.com\/servicios\/#primaryimage"},"thumbnailUrl":"https:\/\/imdusaimpregnaciones.com\/wp-content\/uploads\/2026\/03\/2148814155-1024x682.jpg","datePublished":"2026-03-12T11:10:04+00:00","dateModified":"2026-03-12T14:56:56+00:00","breadcrumb":{"@id":"https:\/\/imdusaimpregnaciones.com\/servicios\/#breadcrumb"},"inLanguage":"eu","potentialAction":[{"@type":"ReadAction","target":["https:\/\/imdusaimpregnaciones.com\/servicios\/"]}]},{"@type":"ImageObject","inLanguage":"eu","@id":"https:\/\/imdusaimpregnaciones.com\/servicios\/#primaryimage","url":"https:\/\/imdusaimpregnaciones.com\/wp-content\/uploads\/2026\/03\/2148814155-1024x682.jpg","contentUrl":"https:\/\/imdusaimpregnaciones.com\/wp-content\/uploads\/2026\/03\/2148814155-1024x682.jpg"},{"@type":"BreadcrumbList","@id":"https:\/\/imdusaimpregnaciones.com\/servicios\/#breadcrumb","itemListElement":[{"@type":"ListItem","position":1,"name":"Portada","item":"https:\/\/imdusaimpregnaciones.com\/"},{"@type":"ListItem","position":2,"name":"Servicios"}]},{"@type":"WebSite","@id":"https:\/\/imdusaimpregnaciones.com\/#website","url":"https:\/\/imdusaimpregnaciones.com\/","name":"Imdusa Impregnaciones S.L.","description":"","publisher":{"@id":"https:\/\/imdusaimpregnaciones.com\/#organization"},"potentialAction":[{"@type":"SearchAction","target":{"@type":"EntryPoint","urlTemplate":"https:\/\/imdusaimpregnaciones.com\/?s={search_term_string}"},"query-input":{"@type":"PropertyValueSpecification","valueRequired":true,"valueName":"search_term_string"}}],"inLanguage":"eu"},{"@type":"Organization","@id":"https:\/\/imdusaimpregnaciones.com\/#organization","name":"Imdusa Impregnaciones S.L.","url":"https:\/\/imdusaimpregnaciones.com\/","logo":{"@type":"ImageObject","inLanguage":"eu","@id":"https:\/\/imdusaimpregnaciones.com\/#\/schema\/logo\/image\/","url":"https:\/\/imdusaimpregnaciones.com\/wp-content\/uploads\/2026\/03\/cropped-cropped-Diseno-sin-titulo-1.png","contentUrl":"https:\/\/imdusaimpregnaciones.com\/wp-content\/uploads\/2026\/03\/cropped-cropped-Diseno-sin-titulo-1.png","width":1599,"height":349,"caption":"Imdusa Impregnaciones S.L."},"image":{"@id":"https:\/\/imdusaimpregnaciones.com\/#\/schema\/logo\/image\/"}}]}},"_links":{"self":[{"href":"https:\/\/imdusaimpregnaciones.com\/eu\/wp-json\/wp\/v2\/pages\/12","targetHints":{"allow":["GET"]}}],"collection":[{"href":"https:\/\/imdusaimpregnaciones.com\/eu\/wp-json\/wp\/v2\/pages"}],"about":[{"href":"https:\/\/imdusaimpregnaciones.com\/eu\/wp-json\/wp\/v2\/types\/page"}],"author":[{"embeddable":true,"href":"https:\/\/imdusaimpregnaciones.com\/eu\/wp-json\/wp\/v2\/users\/1"}],"replies":[{"embeddable":true,"href":"https:\/\/imdusaimpregnaciones.com\/eu\/wp-json\/wp\/v2\/comments?post=12"}],"version-history":[{"count":34,"href":"https:\/\/imdusaimpregnaciones.com\/eu\/wp-json\/wp\/v2\/pages\/12\/revisions"}],"predecessor-version":[{"id":263,"href":"https:\/\/imdusaimpregnaciones.com\/eu\/wp-json\/wp\/v2\/pages\/12\/revisions\/263"}],"wp:attachment":[{"href":"https:\/\/imdusaimpregnaciones.com\/eu\/wp-json\/wp\/v2\/media?parent=12"}],"curies":[{"name":"wp","href":"https:\/\/api.w.org\/{rel}","templated":true}]}}